{"id":2027,"date":"2020-06-02T10:11:26","date_gmt":"2020-06-02T10:11:26","guid":{"rendered":"https:\/\/losmolinoshotel.com\/villas\/"},"modified":"2026-04-16T15:56:17","modified_gmt":"2026-04-16T15:56:17","slug":"villas","status":"publish","type":"page","link":"https:\/\/losmolinoshotel.com\/en\/villas\/","title":{"rendered":"Villas"},"content":{"rendered":"<div class=\"wpb-content-wrapper\"><p>[vc_row][vc_column]<!-- Section Services --><div class=\"section \" id=\"Villas\"><div class=\"wrapper-inner\"><!-- Services List --><div class=\"widget-services-list\"><div class=\"services-item\"><div class=\"item-photo\"><div class=\"photo-big\" data-background=\"https:\/\/losmolinoshotel.com\/wp-content\/uploads\/2020\/06\/Galeria-Villas-2-min.jpg\"><\/div><a href=\"https:\/\/www.simplebooking.it\/ibe\/hotelbooking\/search?hid=6000&lang=en#\"  class=\"btn btn-default\">Book<\/a><\/div><div class=\"item-desc\"><h2>Deluxe Villa<\/h2><p><p>-Cozy villa fully equipped to enjoy and relax your home away from home.<\/p>\n\n<p>-Living room, dining room, kitchen, 3 bedrooms and bathrooms, garage and terrace<\/p>\n<p>-Rooms and bedding varies depending on people on your reservation<\/p> \n<p>-Wi-fi  internet service.<\/p>\n<p>-Capacity 4 to 8 people, and a maximum of 10 people.<\/p>\n<\/p><\/div><\/div><div class=\"services-item\"><div class=\"item-photo\"><div class=\"photo-big\" data-background=\"https:\/\/losmolinoshotel.com\/wp-content\/uploads\/2020\/06\/Galeria-Villas-4-min.jpg\"><\/div><a href=\"https:\/\/www.simplebooking.it\/ibe\/hotelbooking\/search?hid=6000&lang=en#\"  class=\"btn btn-default\">Book<\/a><\/div><div class=\"item-desc\"><h2>Two bedroom Villa<\/h2><p><p>-Cozy villa fully equipped to enjoy and relax your home away from home.<\/p>\n\n<p>-Living room, dining room, kitchen, 2 bathrooms, garage and terrace\nRooms and bedding vary depending on people on your reservation.<\/p>\n\n<p>-Wi-fi internet service.<\/p>\n\n<p>-Capacity 2 to 6 people.<\/p><\/p><\/div><\/div> <\/div>\r\n            <!-- Services List End -->\r\n        <\/div>\r\n    <\/div>\r\n    <!-- Section Services End -->[\/vc_column][\/vc_row][vc_row][vc_column]<!-- Section Gallery --><div class=\"section \" id=\"gallery-carousel\"><div class=\"widget-gallery-carousel\"><div class=\"wrapper-full-inner\"><!-- Gallery Title --><div class=\"widget-title\"><span><\/span><h2>Galer\u00eda<\/h2><p><\/p><\/div><!-- Gallery Title End --><!-- Gallery Carousel --><div class=\"widget-carousel owl-carousel owl-theme\"><div class=\"gallery-item\"><a href=\"https:\/\/losmolinoshotel.com\/wp-content\/uploads\/2024\/08\/cocina-villa-110-66c4e2df6a5f5-767x767.webp\" data-background=\"https:\/\/losmolinoshotel.com\/wp-content\/uploads\/2024\/08\/cocina-villa-110-66c4e2df6a5f5-767x767.webp\"  class=\"grandium-popup-gallery\"> <\/a><\/div><div class=\"gallery-item\"><a href=\"https:\/\/losmolinoshotel.com\/wp-content\/uploads\/2024\/08\/entrada-villa-110-66c4e2e29d369-767x767.webp\" data-background=\"https:\/\/losmolinoshotel.com\/wp-content\/uploads\/2024\/08\/entrada-villa-110-66c4e2e29d369-767x767.webp\"  class=\"grandium-popup-gallery\"> <\/a><\/div><div class=\"gallery-item\"><a href=\"https:\/\/losmolinoshotel.com\/wp-content\/uploads\/2024\/08\/hab-1-villa-110-2023-66c4e2e2c348e-767x767.webp\" data-background=\"https:\/\/losmolinoshotel.com\/wp-content\/uploads\/2024\/08\/hab-1-villa-110-2023-66c4e2e2c348e-767x767.webp\"  class=\"grandium-popup-gallery\"> <\/a><\/div><div class=\"gallery-item\"><a href=\"https:\/\/losmolinoshotel.com\/wp-content\/uploads\/2024\/08\/hab-villa-110-66c4e2e5a03dc-767x767.webp\" data-background=\"https:\/\/losmolinoshotel.com\/wp-content\/uploads\/2024\/08\/hab-villa-110-66c4e2e5a03dc-767x767.webp\"  class=\"grandium-popup-gallery\"> <\/a><\/div><div class=\"gallery-item\"><a href=\"https:\/\/losmolinoshotel.com\/wp-content\/uploads\/2020\/10\/photo-slide-villas-767x767.jpg\" data-background=\"https:\/\/losmolinoshotel.com\/wp-content\/uploads\/2020\/10\/photo-slide-villas-767x767.jpg\"  class=\"grandium-popup-gallery\"> <\/a><\/div><div class=\"gallery-item\"><a href=\"https:\/\/losmolinoshotel.com\/wp-content\/uploads\/2020\/10\/photo-slide-villas_4-767x767.jpg\" data-background=\"https:\/\/losmolinoshotel.com\/wp-content\/uploads\/2020\/10\/photo-slide-villas_4-767x767.jpg\"  class=\"grandium-popup-gallery\"> <\/a><\/div><div class=\"gallery-item\"><a href=\"https:\/\/losmolinoshotel.com\/wp-content\/uploads\/2020\/06\/Galeria-Villas-3-min-767x767.jpg\" data-background=\"https:\/\/losmolinoshotel.com\/wp-content\/uploads\/2020\/06\/Galeria-Villas-3-min-767x767.jpg\"  class=\"grandium-popup-gallery\"> <\/a><\/div><div class=\"gallery-item\"><a href=\"https:\/\/losmolinoshotel.com\/wp-content\/uploads\/2024\/08\/comedor-villa-110-66c4e2df6c0ac-767x767.webp\" data-background=\"https:\/\/losmolinoshotel.com\/wp-content\/uploads\/2024\/08\/comedor-villa-110-66c4e2df6c0ac-767x767.webp\"  class=\"grandium-popup-gallery\"> <\/a><\/div><\/div><!-- Gallery Carousel End --><\/div><\/div><\/div><!-- Section Gallery End -->[\/vc_column][\/vc_row]<\/p>\n<\/div>","protected":false},"excerpt":{"rendered":"<p>[vc_row][vc_column][\/vc_column][\/vc_row][vc_row][vc_column][\/vc_column][\/vc_row]<\/p>\n","protected":false},"author":1,"featured_media":1819,"parent":0,"menu_order":0,"comment_status":"closed","ping_status":"closed","template":"fullwidth-page.php","meta":{"_joinchat":[],"footnotes":""},"class_list":["post-2027","page","type-page","status-publish","has-post-thumbnail","hentry"],"yoast_head":"<!-- This site is optimized with the Yoast SEO plugin v27.4 - https:\/\/yoast.com\/product\/yoast-seo-wordpress\/ -->\n<title>Villas in Boquete, Chiriqu\u00ed - Panam\u00e1 | Hacienda Los Molinos<\/title>\n<meta name=\"description\" content=\"Discover our villas in Boquete, Chiriqu\u00ed. Spacious retreats with stunning views and comfort surrounded by Panama\u2019s nature\" \/>\n<meta name=\"robots\" content=\"index, follow, max-snippet:-1, max-image-preview:large, max-video-preview:-1\" \/>\n<link rel=\"canonical\" href=\"https:\/\/losmolinoshotel.com\/en\/villas\/\" \/>\n<meta property=\"og:locale\" content=\"en_US\" \/>\n<meta property=\"og:type\" content=\"article\" \/>\n<meta property=\"og:title\" content=\"Villas in Boquete, Chiriqu\u00ed - Panam\u00e1 | Hacienda Los Molinos\" \/>\n<meta property=\"og:description\" content=\"Discover our villas in Boquete, Chiriqu\u00ed. Spacious retreats with stunning views and comfort surrounded by Panama\u2019s nature\" \/>\n<meta property=\"og:url\" content=\"https:\/\/losmolinoshotel.com\/en\/villas\/\" \/>\n<meta property=\"og:site_name\" content=\"Hacienda Los Molinos Boutique Hotel\" \/>\n<meta property=\"article:modified_time\" content=\"2026-04-16T15:56:17+00:00\" \/>\n<meta property=\"og:image\" content=\"https:\/\/losmolinoshotel.com\/wp-content\/uploads\/2020\/06\/Galeria-Villas-3-min.jpg\" \/>\n\t<meta property=\"og:image:width\" content=\"600\" \/>\n\t<meta property=\"og:image:height\" content=\"600\" \/>\n\t<meta property=\"og:image:type\" content=\"image\/jpeg\" \/>\n<meta name=\"twitter:card\" content=\"summary_large_image\" \/>\n<meta name=\"twitter:label1\" content=\"Est. reading time\" \/>\n\t<meta name=\"twitter:data1\" content=\"1 minute\" \/>\n<script type=\"application\/ld+json\" class=\"yoast-schema-graph\">{\"@context\":\"https:\\\/\\\/schema.org\",\"@graph\":[{\"@type\":\"WebPage\",\"@id\":\"https:\\\/\\\/losmolinoshotel.com\\\/en\\\/villas\\\/\",\"url\":\"https:\\\/\\\/losmolinoshotel.com\\\/en\\\/villas\\\/\",\"name\":\"Villas in Boquete, Chiriqu\u00ed - Panam\u00e1 | Hacienda Los Molinos\",\"isPartOf\":{\"@id\":\"https:\\\/\\\/losmolinoshotel.com\\\/#website\"},\"primaryImageOfPage\":{\"@id\":\"https:\\\/\\\/losmolinoshotel.com\\\/en\\\/villas\\\/#primaryimage\"},\"image\":{\"@id\":\"https:\\\/\\\/losmolinoshotel.com\\\/en\\\/villas\\\/#primaryimage\"},\"thumbnailUrl\":\"https:\\\/\\\/losmolinoshotel.com\\\/wp-content\\\/uploads\\\/2020\\\/06\\\/Galeria-Villas-3-min.jpg\",\"datePublished\":\"2020-06-02T10:11:26+00:00\",\"dateModified\":\"2026-04-16T15:56:17+00:00\",\"description\":\"Discover our villas in Boquete, Chiriqu\u00ed. Spacious retreats with stunning views and comfort surrounded by Panama\u2019s nature\",\"breadcrumb\":{\"@id\":\"https:\\\/\\\/losmolinoshotel.com\\\/en\\\/villas\\\/#breadcrumb\"},\"inLanguage\":\"en-US\",\"potentialAction\":[{\"@type\":\"ReadAction\",\"target\":[\"https:\\\/\\\/losmolinoshotel.com\\\/en\\\/villas\\\/\"]}]},{\"@type\":\"ImageObject\",\"inLanguage\":\"en-US\",\"@id\":\"https:\\\/\\\/losmolinoshotel.com\\\/en\\\/villas\\\/#primaryimage\",\"url\":\"https:\\\/\\\/losmolinoshotel.com\\\/wp-content\\\/uploads\\\/2020\\\/06\\\/Galeria-Villas-3-min.jpg\",\"contentUrl\":\"https:\\\/\\\/losmolinoshotel.com\\\/wp-content\\\/uploads\\\/2020\\\/06\\\/Galeria-Villas-3-min.jpg\",\"width\":600,\"height\":600,\"caption\":\"Villas en Boquete \u2013 Chiriqu\u00ed \u2013 Panam\u00e1 | Villas in Boquete\"},{\"@type\":\"BreadcrumbList\",\"@id\":\"https:\\\/\\\/losmolinoshotel.com\\\/en\\\/villas\\\/#breadcrumb\",\"itemListElement\":[{\"@type\":\"ListItem\",\"position\":1,\"name\":\"Portada\",\"item\":\"https:\\\/\\\/losmolinoshotel.com\\\/en\\\/\"},{\"@type\":\"ListItem\",\"position\":2,\"name\":\"Villas\"}]},{\"@type\":\"WebSite\",\"@id\":\"https:\\\/\\\/losmolinoshotel.com\\\/#website\",\"url\":\"https:\\\/\\\/losmolinoshotel.com\\\/\",\"name\":\"Hacienda Los Molinos Boutique Hotel\",\"description\":\"Hotel en Boquete, Panam\u00e1\",\"publisher\":{\"@id\":\"https:\\\/\\\/losmolinoshotel.com\\\/#organization\"},\"potentialAction\":[{\"@type\":\"SearchAction\",\"target\":{\"@type\":\"EntryPoint\",\"urlTemplate\":\"https:\\\/\\\/losmolinoshotel.com\\\/?s={search_term_string}\"},\"query-input\":{\"@type\":\"PropertyValueSpecification\",\"valueRequired\":true,\"valueName\":\"search_term_string\"}}],\"inLanguage\":\"en-US\"},{\"@type\":\"Organization\",\"@id\":\"https:\\\/\\\/losmolinoshotel.com\\\/#organization\",\"name\":\"Hacienda Los Molinos Boutique Hotel\",\"url\":\"https:\\\/\\\/losmolinoshotel.com\\\/\",\"logo\":{\"@type\":\"ImageObject\",\"inLanguage\":\"en-US\",\"@id\":\"https:\\\/\\\/losmolinoshotel.com\\\/#\\\/schema\\\/logo\\\/image\\\/\",\"url\":\"https:\\\/\\\/losmolinoshotel.com\\\/wp-content\\\/uploads\\\/2020\\\/05\\\/logo-original.png\",\"contentUrl\":\"https:\\\/\\\/losmolinoshotel.com\\\/wp-content\\\/uploads\\\/2020\\\/05\\\/logo-original.png\",\"width\":168,\"height\":100,\"caption\":\"Hacienda Los Molinos Boutique Hotel\"},\"image\":{\"@id\":\"https:\\\/\\\/losmolinoshotel.com\\\/#\\\/schema\\\/logo\\\/image\\\/\"}}]}<\/script>\n<!-- \/ Yoast SEO plugin. -->","yoast_head_json":{"title":"Villas in Boquete, Chiriqu\u00ed - Panam\u00e1 | Hacienda Los Molinos","description":"Discover our villas in Boquete, Chiriqu\u00ed. Spacious retreats with stunning views and comfort surrounded by Panama\u2019s nature","robots":{"index":"index","follow":"follow","max-snippet":"max-snippet:-1","max-image-preview":"max-image-preview:large","max-video-preview":"max-video-preview:-1"},"canonical":"https:\/\/losmolinoshotel.com\/en\/villas\/","og_locale":"en_US","og_type":"article","og_title":"Villas in Boquete, Chiriqu\u00ed - Panam\u00e1 | Hacienda Los Molinos","og_description":"Discover our villas in Boquete, Chiriqu\u00ed. Spacious retreats with stunning views and comfort surrounded by Panama\u2019s nature","og_url":"https:\/\/losmolinoshotel.com\/en\/villas\/","og_site_name":"Hacienda Los Molinos Boutique Hotel","article_modified_time":"2026-04-16T15:56:17+00:00","og_image":[{"width":600,"height":600,"url":"https:\/\/losmolinoshotel.com\/wp-content\/uploads\/2020\/06\/Galeria-Villas-3-min.jpg","type":"image\/jpeg"}],"twitter_card":"summary_large_image","twitter_misc":{"Est. reading time":"1 minute"},"schema":{"@context":"https:\/\/schema.org","@graph":[{"@type":"WebPage","@id":"https:\/\/losmolinoshotel.com\/en\/villas\/","url":"https:\/\/losmolinoshotel.com\/en\/villas\/","name":"Villas in Boquete, Chiriqu\u00ed - Panam\u00e1 | Hacienda Los Molinos","isPartOf":{"@id":"https:\/\/losmolinoshotel.com\/#website"},"primaryImageOfPage":{"@id":"https:\/\/losmolinoshotel.com\/en\/villas\/#primaryimage"},"image":{"@id":"https:\/\/losmolinoshotel.com\/en\/villas\/#primaryimage"},"thumbnailUrl":"https:\/\/losmolinoshotel.com\/wp-content\/uploads\/2020\/06\/Galeria-Villas-3-min.jpg","datePublished":"2020-06-02T10:11:26+00:00","dateModified":"2026-04-16T15:56:17+00:00","description":"Discover our villas in Boquete, Chiriqu\u00ed. Spacious retreats with stunning views and comfort surrounded by Panama\u2019s nature","breadcrumb":{"@id":"https:\/\/losmolinoshotel.com\/en\/villas\/#breadcrumb"},"inLanguage":"en-US","potentialAction":[{"@type":"ReadAction","target":["https:\/\/losmolinoshotel.com\/en\/villas\/"]}]},{"@type":"ImageObject","inLanguage":"en-US","@id":"https:\/\/losmolinoshotel.com\/en\/villas\/#primaryimage","url":"https:\/\/losmolinoshotel.com\/wp-content\/uploads\/2020\/06\/Galeria-Villas-3-min.jpg","contentUrl":"https:\/\/losmolinoshotel.com\/wp-content\/uploads\/2020\/06\/Galeria-Villas-3-min.jpg","width":600,"height":600,"caption":"Villas en Boquete \u2013 Chiriqu\u00ed \u2013 Panam\u00e1 | Villas in Boquete"},{"@type":"BreadcrumbList","@id":"https:\/\/losmolinoshotel.com\/en\/villas\/#breadcrumb","itemListElement":[{"@type":"ListItem","position":1,"name":"Portada","item":"https:\/\/losmolinoshotel.com\/en\/"},{"@type":"ListItem","position":2,"name":"Villas"}]},{"@type":"WebSite","@id":"https:\/\/losmolinoshotel.com\/#website","url":"https:\/\/losmolinoshotel.com\/","name":"Hacienda Los Molinos Boutique Hotel","description":"Hotel en Boquete, Panam\u00e1","publisher":{"@id":"https:\/\/losmolinoshotel.com\/#organization"},"potentialAction":[{"@type":"SearchAction","target":{"@type":"EntryPoint","urlTemplate":"https:\/\/losmolinoshotel.com\/?s={search_term_string}"},"query-input":{"@type":"PropertyValueSpecification","valueRequired":true,"valueName":"search_term_string"}}],"inLanguage":"en-US"},{"@type":"Organization","@id":"https:\/\/losmolinoshotel.com\/#organization","name":"Hacienda Los Molinos Boutique Hotel","url":"https:\/\/losmolinoshotel.com\/","logo":{"@type":"ImageObject","inLanguage":"en-US","@id":"https:\/\/losmolinoshotel.com\/#\/schema\/logo\/image\/","url":"https:\/\/losmolinoshotel.com\/wp-content\/uploads\/2020\/05\/logo-original.png","contentUrl":"https:\/\/losmolinoshotel.com\/wp-content\/uploads\/2020\/05\/logo-original.png","width":168,"height":100,"caption":"Hacienda Los Molinos Boutique Hotel"},"image":{"@id":"https:\/\/losmolinoshotel.com\/#\/schema\/logo\/image\/"}}]}},"_links":{"self":[{"href":"https:\/\/losmolinoshotel.com\/en\/wp-json\/wp\/v2\/pages\/2027","targetHints":{"allow":["GET"]}}],"collection":[{"href":"https:\/\/losmolinoshotel.com\/en\/wp-json\/wp\/v2\/pages"}],"about":[{"href":"https:\/\/losmolinoshotel.com\/en\/wp-json\/wp\/v2\/types\/page"}],"author":[{"embeddable":true,"href":"https:\/\/losmolinoshotel.com\/en\/wp-json\/wp\/v2\/users\/1"}],"replies":[{"embeddable":true,"href":"https:\/\/losmolinoshotel.com\/en\/wp-json\/wp\/v2\/comments?post=2027"}],"version-history":[{"count":8,"href":"https:\/\/losmolinoshotel.com\/en\/wp-json\/wp\/v2\/pages\/2027\/revisions"}],"predecessor-version":[{"id":3608,"href":"https:\/\/losmolinoshotel.com\/en\/wp-json\/wp\/v2\/pages\/2027\/revisions\/3608"}],"wp:featuredmedia":[{"embeddable":true,"href":"https:\/\/losmolinoshotel.com\/en\/wp-json\/wp\/v2\/media\/1819"}],"wp:attachment":[{"href":"https:\/\/losmolinoshotel.com\/en\/wp-json\/wp\/v2\/media?parent=2027"}],"curies":[{"name":"wp","href":"https:\/\/api.w.org\/{rel}","templated":true}]}}