{"id":2032,"date":"2020-06-02T14:44:21","date_gmt":"2020-06-02T14:44:21","guid":{"rendered":"https:\/\/losmolinoshotel.com\/restaurante-raices\/"},"modified":"2025-09-16T22:08:01","modified_gmt":"2025-09-16T22:08:01","slug":"raices-restaurant","status":"publish","type":"page","link":"https:\/\/losmolinoshotel.com\/en\/raices-restaurant\/","title":{"rendered":"Ra\u00edces restaurant"},"content":{"rendered":"<div class=\"wpb-content-wrapper\"><p>[vc_row][vc_column]<!-- Section Services --><div class=\"section \" id=\"Restaurante Raices\"><div class=\"wrapper-inner\"><!-- Services List --><div class=\"widget-services-list\"><div class=\"services-item\"><div class=\"item-photo\"><div class=\"photo-big\" data-background=\"https:\/\/losmolinoshotel.com\/wp-content\/uploads\/2024\/07\/breakfast-with-a-view-66a42fa4deca1.webp\"><\/div><a href=\"https:\/\/www.woymenu.com\/hacienda_los_molinos_menu\/\"target=\"_blank\"  class=\"btn btn-default\">RESTAURANT MENU<\/a><\/div><div class=\"item-desc\"><p><p>Enjoy an amazing experience in the best restaurant with the best view of Boquete. A place to share unforgettable moments, with incredible food and Delicious drinks that Will bring out all your senses, we offer wine pairings, a music ambience and a varied assortment of Delicious plates chosen by our Chef, for everyone to enjoy, using quality ingredients for a authentic gastronomic experience at Hacienda Los Molinos Boutique Hotel.<\/p>\n\n<p>The variety of sweet and salty plates at our Raices Restaurant will make you enjoy the best cuisine in a cozy and beautiful setting complemented by our excellent customer service.<\/p>\n\n<br>\n<p> Schedule<\/p>\n\n<p>Monday to Thursday  7:00 am to 9:00 pm.<\/p>\n<p>Friday and Saturday  7:00 am  to 10:00 pm<\/p>\n<p>Sundays  7:00 am to 8:00 pm<\/p>\n\n<p>Schedules subject to change, we recommend to make previous reservations to  6676-0653 or 730-8313.**<\/p><\/p><\/div><\/div> <\/div>\r\n            <!-- Services List End -->\r\n        <\/div>\r\n    <\/div>\r\n    <!-- Section Services End -->[\/vc_column][\/vc_row][vc_row content_placement=&#8221;middle&#8221; grandium_select_container=&#8221;topandbottom&#8221; el_class=&#8221;div-menu-restaurante&#8221;][vc_column][vc_custom_heading text=&#8221;Restaurant Menu&#8221; font_container=&#8221;tag:h3|text_align:center&#8221; use_theme_fonts=&#8221;yes&#8221; css=&#8221;.vc_custom_1724177287278{padding-bottom: 30px !important;}&#8221;][vc_media_grid gap=&#8221;20&#8243; css=&#8221;&#8221; initial_loading_animation=&#8221;none&#8221; grid_id=&#8221;vc_gid:1729113615473-6e0f41af-bc16-1&#8243; include=&#8221;3571,3569,3567&#8243;][\/vc_column][\/vc_row][vc_row][vc_column]<!-- Section Gallery --><div class=\"section \" id=\"gallery-carousel\"><div class=\"widget-gallery-carousel\"><div class=\"wrapper-full-inner\"><!-- Gallery Title --><div class=\"widget-title\"><h5><\/h5><h2>Galer\u00eda<\/h2><p>Nuestro Restaurante Ra\u00edces las sugerencias de nuestro Chef, quien combina a la perfecci\u00f3n los sabores del \u00e1rea.<\/p><\/div><!-- Gallery Title End --><!-- Gallery Carousel --><div class=\"widget-carousel owl-carousel owl-theme\"><div class=\"gallery-item\"><a href=\"https:\/\/losmolinoshotel.com\/wp-content\/uploads\/2024\/10\/restaurante-raices-67102be352436-767x767.webp\" data-background=\"https:\/\/losmolinoshotel.com\/wp-content\/uploads\/2024\/10\/restaurante-raices-67102be352436-767x767.webp\"  class=\"grandium-popup-gallery\"> <\/a><\/div><div class=\"gallery-item\"><a href=\"https:\/\/losmolinoshotel.com\/wp-content\/uploads\/2024\/10\/restaurante-raices-1-67102be35d4b7-767x767.webp\" data-background=\"https:\/\/losmolinoshotel.com\/wp-content\/uploads\/2024\/10\/restaurante-raices-1-67102be35d4b7-767x767.webp\"  class=\"grandium-popup-gallery\"> <\/a><\/div><div class=\"gallery-item\"><a href=\"https:\/\/losmolinoshotel.com\/wp-content\/uploads\/2024\/07\/breakfast-with-a-view-66a42fa4deca1-767x767.webp\" data-background=\"https:\/\/losmolinoshotel.com\/wp-content\/uploads\/2024\/07\/breakfast-with-a-view-66a42fa4deca1-767x767.webp\"  class=\"grandium-popup-gallery\"> <\/a><\/div><div class=\"gallery-item\"><a href=\"https:\/\/losmolinoshotel.com\/wp-content\/uploads\/2024\/07\/short-rib-sobre-pure-de-platano-2023-66a42fa4d5f8a-767x767.webp\" data-background=\"https:\/\/losmolinoshotel.com\/wp-content\/uploads\/2024\/07\/short-rib-sobre-pure-de-platano-2023-66a42fa4d5f8a-767x767.webp\"  class=\"grandium-popup-gallery\"> <\/a><\/div><div class=\"gallery-item\"><a href=\"https:\/\/losmolinoshotel.com\/wp-content\/uploads\/2024\/07\/restaurante-2-66a42faa6589b-767x767.webp\" data-background=\"https:\/\/losmolinoshotel.com\/wp-content\/uploads\/2024\/07\/restaurante-2-66a42faa6589b-767x767.webp\"  class=\"grandium-popup-gallery\"> <\/a><\/div><\/div><!-- Gallery Carousel End --><\/div><\/div><\/div><!-- Section Gallery End -->[\/vc_column][\/vc_row][vc_row][vc_column]<!-- Section Video --><div class=\"section  vc_custom_1603428867492\" id=\"video-section\"><div class=\"widget-video-full\" data-background=\"\"><div class=\"wrapper-full-inner\"><!-- Video Title --><div class=\"widget-title\"><h5><\/h5><h2><\/h2><p><\/p><\/div>\r\n                <!-- Video Title End -->\r\n                <!-- Video Content --><div class=\"widget-inner\"><a href=\"https:\/\/www.youtube.com\/watch?v=9LUX-zkPkDA\" class=\"video-play popup-video\"><i class=\"fa fa-play\"><\/i><\/a><\/div><!-- Video Content End -->\r\n           <\/div>\r\n       <\/div>\r\n    <\/div>\r\n    <!-- Section Video End -->[\/vc_column][\/vc_row]<\/p>\n<\/div>","protected":false},"excerpt":{"rendered":"<p>[vc_row][vc_column][\/vc_column][\/vc_row][vc_row content_placement=&#8221;middle&#8221; grandium_select_container=&#8221;topandbottom&#8221; el_class=&#8221;div-menu-restaurante&#8221;][vc_column][vc_custom_heading text=&#8221;Restaurant Menu&#8221; font_container=&#8221;tag:h3|text_align:center&#8221; use_theme_fonts=&#8221;yes&#8221; css=&#8221;.vc_custom_1724177287278{padding-bottom: 30px !important;}&#8221;][vc_media_grid gap=&#8221;20&#8243; css=&#8221;&#8221; initial_loading_animation=&#8221;none&#8221; grid_id=&#8221;vc_gid:1729113615473-6e0f41af-bc16-1&#8243; include=&#8221;3571,3569,3567&#8243;][\/vc_column][\/vc_row][vc_row][vc_column][\/vc_column][\/vc_row][vc_row][vc_column][\/vc_column][\/vc_row]<\/p>\n","protected":false},"author":1,"featured_media":3502,"parent":0,"menu_order":0,"comment_status":"closed","ping_status":"closed","template":"fullwidth-page.php","meta":{"_joinchat":[],"footnotes":""},"class_list":["post-2032","page","type-page","status-publish","has-post-thumbnail","hentry"],"yoast_head":"<!-- This site is optimized with the Yoast SEO plugin v27.1.1 - https:\/\/yoast.com\/product\/yoast-seo-wordpress\/ -->\n<title>Best Restaurants in Boquete, Chiriqu\u00ed - Panam\u00e1<\/title>\n<meta name=\"description\" content=\"Discover the best restaurants in Boquete, Chiriqu\u00ed. Enjoy fine dining, local flavors, and breathtaking views in Panama\u2019s highlands\" \/>\n<meta name=\"robots\" content=\"index, follow, max-snippet:-1, max-image-preview:large, max-video-preview:-1\" \/>\n<link rel=\"canonical\" href=\"https:\/\/losmolinoshotel.com\/en\/raices-restaurant\/\" \/>\n<meta property=\"og:locale\" content=\"en_US\" \/>\n<meta property=\"og:type\" content=\"article\" \/>\n<meta property=\"og:title\" content=\"Best Restaurants in Boquete, Chiriqu\u00ed - Panam\u00e1\" \/>\n<meta property=\"og:description\" content=\"Discover the best restaurants in Boquete, Chiriqu\u00ed. Enjoy fine dining, local flavors, and breathtaking views in Panama\u2019s highlands\" \/>\n<meta property=\"og:url\" content=\"https:\/\/losmolinoshotel.com\/en\/raices-restaurant\/\" \/>\n<meta property=\"og:site_name\" content=\"Hacienda Los Molinos Boutique Hotel\" \/>\n<meta property=\"article:modified_time\" content=\"2025-09-16T22:08:01+00:00\" \/>\n<meta property=\"og:image\" content=\"https:\/\/losmolinoshotel.com\/wp-content\/uploads\/2024\/07\/breakfast-with-a-view-66a42fa4deca1.webp\" \/>\n\t<meta property=\"og:image:width\" content=\"1000\" \/>\n\t<meta property=\"og:image:height\" content=\"1000\" \/>\n\t<meta property=\"og:image:type\" content=\"image\/webp\" \/>\n<meta name=\"twitter:card\" content=\"summary_large_image\" \/>\n<meta name=\"twitter:label1\" content=\"Est. reading time\" \/>\n\t<meta name=\"twitter:data1\" content=\"1 minute\" \/>\n<script type=\"application\/ld+json\" class=\"yoast-schema-graph\">{\"@context\":\"https:\/\/schema.org\",\"@graph\":[{\"@type\":\"WebPage\",\"@id\":\"https:\/\/losmolinoshotel.com\/en\/raices-restaurant\/\",\"url\":\"https:\/\/losmolinoshotel.com\/en\/raices-restaurant\/\",\"name\":\"Best Restaurants in Boquete, Chiriqu\u00ed - Panam\u00e1\",\"isPartOf\":{\"@id\":\"https:\/\/losmolinoshotel.com\/#website\"},\"primaryImageOfPage\":{\"@id\":\"https:\/\/losmolinoshotel.com\/en\/raices-restaurant\/#primaryimage\"},\"image\":{\"@id\":\"https:\/\/losmolinoshotel.com\/en\/raices-restaurant\/#primaryimage\"},\"thumbnailUrl\":\"https:\/\/losmolinoshotel.com\/wp-content\/uploads\/2024\/07\/breakfast-with-a-view-66a42fa4deca1.webp\",\"datePublished\":\"2020-06-02T14:44:21+00:00\",\"dateModified\":\"2025-09-16T22:08:01+00:00\",\"description\":\"Discover the best restaurants in Boquete, Chiriqu\u00ed. Enjoy fine dining, local flavors, and breathtaking views in Panama\u2019s highlands\",\"breadcrumb\":{\"@id\":\"https:\/\/losmolinoshotel.com\/en\/raices-restaurant\/#breadcrumb\"},\"inLanguage\":\"en-US\",\"potentialAction\":[{\"@type\":\"ReadAction\",\"target\":[\"https:\/\/losmolinoshotel.com\/en\/raices-restaurant\/\"]}]},{\"@type\":\"ImageObject\",\"inLanguage\":\"en-US\",\"@id\":\"https:\/\/losmolinoshotel.com\/en\/raices-restaurant\/#primaryimage\",\"url\":\"https:\/\/losmolinoshotel.com\/wp-content\/uploads\/2024\/07\/breakfast-with-a-view-66a42fa4deca1.webp\",\"contentUrl\":\"https:\/\/losmolinoshotel.com\/wp-content\/uploads\/2024\/07\/breakfast-with-a-view-66a42fa4deca1.webp\",\"width\":1000,\"height\":1000,\"caption\":\"Best restaurants in Boquete\"},{\"@type\":\"BreadcrumbList\",\"@id\":\"https:\/\/losmolinoshotel.com\/en\/raices-restaurant\/#breadcrumb\",\"itemListElement\":[{\"@type\":\"ListItem\",\"position\":1,\"name\":\"Portada\",\"item\":\"https:\/\/losmolinoshotel.com\/en\/\"},{\"@type\":\"ListItem\",\"position\":2,\"name\":\"Ra\u00edces restaurant\"}]},{\"@type\":\"WebSite\",\"@id\":\"https:\/\/losmolinoshotel.com\/#website\",\"url\":\"https:\/\/losmolinoshotel.com\/\",\"name\":\"Hacienda Los Molinos Boutique Hotel\",\"description\":\"Hotel en Boquete, Panam\u00e1\",\"publisher\":{\"@id\":\"https:\/\/losmolinoshotel.com\/#organization\"},\"potentialAction\":[{\"@type\":\"SearchAction\",\"target\":{\"@type\":\"EntryPoint\",\"urlTemplate\":\"https:\/\/losmolinoshotel.com\/?s={search_term_string}\"},\"query-input\":{\"@type\":\"PropertyValueSpecification\",\"valueRequired\":true,\"valueName\":\"search_term_string\"}}],\"inLanguage\":\"en-US\"},{\"@type\":\"Organization\",\"@id\":\"https:\/\/losmolinoshotel.com\/#organization\",\"name\":\"Hacienda Los Molinos Boutique Hotel\",\"url\":\"https:\/\/losmolinoshotel.com\/\",\"logo\":{\"@type\":\"ImageObject\",\"inLanguage\":\"en-US\",\"@id\":\"https:\/\/losmolinoshotel.com\/#\/schema\/logo\/image\/\",\"url\":\"https:\/\/losmolinoshotel.com\/wp-content\/uploads\/2020\/05\/logo-original.png\",\"contentUrl\":\"https:\/\/losmolinoshotel.com\/wp-content\/uploads\/2020\/05\/logo-original.png\",\"width\":168,\"height\":100,\"caption\":\"Hacienda Los Molinos Boutique Hotel\"},\"image\":{\"@id\":\"https:\/\/losmolinoshotel.com\/#\/schema\/logo\/image\/\"}}]}<\/script>\n<!-- \/ Yoast SEO plugin. -->","yoast_head_json":{"title":"Best Restaurants in Boquete, Chiriqu\u00ed - Panam\u00e1","description":"Discover the best restaurants in Boquete, Chiriqu\u00ed. Enjoy fine dining, local flavors, and breathtaking views in Panama\u2019s highlands","robots":{"index":"index","follow":"follow","max-snippet":"max-snippet:-1","max-image-preview":"max-image-preview:large","max-video-preview":"max-video-preview:-1"},"canonical":"https:\/\/losmolinoshotel.com\/en\/raices-restaurant\/","og_locale":"en_US","og_type":"article","og_title":"Best Restaurants in Boquete, Chiriqu\u00ed - Panam\u00e1","og_description":"Discover the best restaurants in Boquete, Chiriqu\u00ed. Enjoy fine dining, local flavors, and breathtaking views in Panama\u2019s highlands","og_url":"https:\/\/losmolinoshotel.com\/en\/raices-restaurant\/","og_site_name":"Hacienda Los Molinos Boutique Hotel","article_modified_time":"2025-09-16T22:08:01+00:00","og_image":[{"width":1000,"height":1000,"url":"https:\/\/losmolinoshotel.com\/wp-content\/uploads\/2024\/07\/breakfast-with-a-view-66a42fa4deca1.webp","type":"image\/webp"}],"twitter_card":"summary_large_image","twitter_misc":{"Est. reading time":"1 minute"},"schema":{"@context":"https:\/\/schema.org","@graph":[{"@type":"WebPage","@id":"https:\/\/losmolinoshotel.com\/en\/raices-restaurant\/","url":"https:\/\/losmolinoshotel.com\/en\/raices-restaurant\/","name":"Best Restaurants in Boquete, Chiriqu\u00ed - Panam\u00e1","isPartOf":{"@id":"https:\/\/losmolinoshotel.com\/#website"},"primaryImageOfPage":{"@id":"https:\/\/losmolinoshotel.com\/en\/raices-restaurant\/#primaryimage"},"image":{"@id":"https:\/\/losmolinoshotel.com\/en\/raices-restaurant\/#primaryimage"},"thumbnailUrl":"https:\/\/losmolinoshotel.com\/wp-content\/uploads\/2024\/07\/breakfast-with-a-view-66a42fa4deca1.webp","datePublished":"2020-06-02T14:44:21+00:00","dateModified":"2025-09-16T22:08:01+00:00","description":"Discover the best restaurants in Boquete, Chiriqu\u00ed. Enjoy fine dining, local flavors, and breathtaking views in Panama\u2019s highlands","breadcrumb":{"@id":"https:\/\/losmolinoshotel.com\/en\/raices-restaurant\/#breadcrumb"},"inLanguage":"en-US","potentialAction":[{"@type":"ReadAction","target":["https:\/\/losmolinoshotel.com\/en\/raices-restaurant\/"]}]},{"@type":"ImageObject","inLanguage":"en-US","@id":"https:\/\/losmolinoshotel.com\/en\/raices-restaurant\/#primaryimage","url":"https:\/\/losmolinoshotel.com\/wp-content\/uploads\/2024\/07\/breakfast-with-a-view-66a42fa4deca1.webp","contentUrl":"https:\/\/losmolinoshotel.com\/wp-content\/uploads\/2024\/07\/breakfast-with-a-view-66a42fa4deca1.webp","width":1000,"height":1000,"caption":"Best restaurants in Boquete"},{"@type":"BreadcrumbList","@id":"https:\/\/losmolinoshotel.com\/en\/raices-restaurant\/#breadcrumb","itemListElement":[{"@type":"ListItem","position":1,"name":"Portada","item":"https:\/\/losmolinoshotel.com\/en\/"},{"@type":"ListItem","position":2,"name":"Ra\u00edces restaurant"}]},{"@type":"WebSite","@id":"https:\/\/losmolinoshotel.com\/#website","url":"https:\/\/losmolinoshotel.com\/","name":"Hacienda Los Molinos Boutique Hotel","description":"Hotel en Boquete, Panam\u00e1","publisher":{"@id":"https:\/\/losmolinoshotel.com\/#organization"},"potentialAction":[{"@type":"SearchAction","target":{"@type":"EntryPoint","urlTemplate":"https:\/\/losmolinoshotel.com\/?s={search_term_string}"},"query-input":{"@type":"PropertyValueSpecification","valueRequired":true,"valueName":"search_term_string"}}],"inLanguage":"en-US"},{"@type":"Organization","@id":"https:\/\/losmolinoshotel.com\/#organization","name":"Hacienda Los Molinos Boutique Hotel","url":"https:\/\/losmolinoshotel.com\/","logo":{"@type":"ImageObject","inLanguage":"en-US","@id":"https:\/\/losmolinoshotel.com\/#\/schema\/logo\/image\/","url":"https:\/\/losmolinoshotel.com\/wp-content\/uploads\/2020\/05\/logo-original.png","contentUrl":"https:\/\/losmolinoshotel.com\/wp-content\/uploads\/2020\/05\/logo-original.png","width":168,"height":100,"caption":"Hacienda Los Molinos Boutique Hotel"},"image":{"@id":"https:\/\/losmolinoshotel.com\/#\/schema\/logo\/image\/"}}]}},"_links":{"self":[{"href":"https:\/\/losmolinoshotel.com\/en\/wp-json\/wp\/v2\/pages\/2032","targetHints":{"allow":["GET"]}}],"collection":[{"href":"https:\/\/losmolinoshotel.com\/en\/wp-json\/wp\/v2\/pages"}],"about":[{"href":"https:\/\/losmolinoshotel.com\/en\/wp-json\/wp\/v2\/types\/page"}],"author":[{"embeddable":true,"href":"https:\/\/losmolinoshotel.com\/en\/wp-json\/wp\/v2\/users\/1"}],"replies":[{"embeddable":true,"href":"https:\/\/losmolinoshotel.com\/en\/wp-json\/wp\/v2\/comments?post=2032"}],"version-history":[{"count":7,"href":"https:\/\/losmolinoshotel.com\/en\/wp-json\/wp\/v2\/pages\/2032\/revisions"}],"predecessor-version":[{"id":3732,"href":"https:\/\/losmolinoshotel.com\/en\/wp-json\/wp\/v2\/pages\/2032\/revisions\/3732"}],"wp:featuredmedia":[{"embeddable":true,"href":"https:\/\/losmolinoshotel.com\/en\/wp-json\/wp\/v2\/media\/3502"}],"wp:attachment":[{"href":"https:\/\/losmolinoshotel.com\/en\/wp-json\/wp\/v2\/media?parent=2032"}],"curies":[{"name":"wp","href":"https:\/\/api.w.org\/{rel}","templated":true}]}}