{"id":2048,"date":"2020-06-15T09:39:33","date_gmt":"2020-06-15T09:39:33","guid":{"rendered":"https:\/\/losmolinoshotel.com\/spa\/"},"modified":"2025-09-16T22:21:16","modified_gmt":"2025-09-16T22:21:16","slug":"spa","status":"publish","type":"page","link":"https:\/\/losmolinoshotel.com\/en\/spa\/","title":{"rendered":"Spa"},"content":{"rendered":"<div class=\"wpb-content-wrapper\"><p>[vc_row][vc_column]<!-- Section Services --><div class=\"section \" id=\"Spa\"><div class=\"wrapper-inner\"><!-- Services List --><div class=\"widget-services-list\"><div class=\"services-item\"><div class=\"item-photo\"><div class=\"photo-big\" data-background=\"https:\/\/losmolinoshotel.com\/wp-content\/uploads\/2020\/06\/Spa-gallery-3-min.jpg\"><\/div><div class=\"photo-small\" data-background=\"https:\/\/losmolinoshotel.com\/wp-content\/uploads\/2020\/06\/Spa-gallery-2-min.jpg\"><\/div><a href=\"#\"  class=\"btn btn-default\">Wellness Center<\/a><\/div><div class=\"item-desc\"><p><p>Under a gorgeous natural environment, with a magnificent canyon, waterfalls, wild life and the impressive Cochea River and Baru Volcano you will find the Spa at Hacienda Los Molinos Boutique Hotel, with a sensory experience for mind, body and soul. Our beautiful mountain views have a healing power that offers a peace sanctuary that help our guests reconnect with the beauty of nature and their inner self.<\/p>\n<\/p><\/div><\/div><div class=\"services-item\"><div class=\"item-photo\"><div class=\"photo-big\" data-background=\"https:\/\/losmolinoshotel.com\/wp-content\/uploads\/2020\/06\/Spa-gallery-15-min.jpg\"><\/div><a href=\"#\"  class=\"btn btn-default\">Wellness Center<\/a><\/div><div class=\"item-desc\"><p><p>Our Wellness center offers a therapeutic experience by building a relationship between the guest and the therapist. With a focus in a holistic experience and non-invasive techniques, our therapists are carefully trained to personalized each service or a maximum Benefit for our guests, an excellent choice for any given day.<\/p><\/p><\/div><\/div> <\/div>\r\n            <!-- Services List End -->\r\n        <\/div>\r\n    <\/div>\r\n    <!-- Section Services End -->[\/vc_column][\/vc_row][vc_row][vc_column]<!-- Section Gallery --><div class=\"section \" id=\"gallery-carousel\"><div class=\"widget-gallery-carousel\"><div class=\"wrapper-full-inner\"><!-- Gallery Title --><div class=\"widget-title\"><h5><\/h5><h2>Galer\u00eda<\/h2><p>La tierra y las bondades de la naturaleza desempe\u00f1an un papel integral en el men\u00fa de tratamientos del Spa en Hacienda Los Molinos, donde cada ritual es creado de manera individual con productos originarios del \u00e1rea como frutas tropicales, caf\u00e9, especies, plantas y flores. La colecci\u00f3n de rituales exclusivos incluye tratamientos faciales, masajes tratamientos corporales como envolturas y exfoliaciones y paquetes de spa.<\/p><\/div><!-- Gallery Title End --><!-- Gallery Carousel --><div class=\"widget-carousel owl-carousel owl-theme\"><div class=\"gallery-item\"><a href=\"https:\/\/losmolinoshotel.com\/wp-content\/uploads\/2020\/10\/photo-slide-spa_2-767x767.jpg\" data-background=\"https:\/\/losmolinoshotel.com\/wp-content\/uploads\/2020\/10\/photo-slide-spa_2-767x767.jpg\"  class=\"grandium-popup-gallery\"> <\/a><\/div><div class=\"gallery-item\"><a href=\"https:\/\/losmolinoshotel.com\/wp-content\/uploads\/2020\/10\/photo-slide-spa_1-767x767.jpg\" data-background=\"https:\/\/losmolinoshotel.com\/wp-content\/uploads\/2020\/10\/photo-slide-spa_1-767x767.jpg\"  class=\"grandium-popup-gallery\"> <\/a><\/div><div class=\"gallery-item\"><a href=\"https:\/\/losmolinoshotel.com\/wp-content\/uploads\/2020\/06\/Spa-gallery-4-min-767x767.jpg\" data-background=\"https:\/\/losmolinoshotel.com\/wp-content\/uploads\/2020\/06\/Spa-gallery-4-min-767x767.jpg\"  class=\"grandium-popup-gallery\"> <\/a><\/div><\/div><!-- Gallery Carousel End --><\/div><\/div><\/div><!-- Section Gallery End -->[\/vc_column][\/vc_row][vc_row][vc_column]<!-- Section Services --><div class=\"section \" id=\"Spa\"><div class=\"wrapper-inner\"><!-- Services List --><div class=\"widget-services-list\"><div class=\"services-item\"><div class=\"item-photo\"><div class=\"photo-big\" data-background=\"https:\/\/losmolinoshotel.com\/wp-content\/uploads\/2020\/06\/Spa-gallery-18-min.jpg\"><\/div><\/div><div class=\"item-desc\"><h2>Spa<\/h2><p><p>Our Spa and Wellness center at Hacienda Los Molinos Boutique Hotel has fully equipped cabins with top quality standards.<\/p>\n\n<p>We have two massage cabins with views to the canyon, relaxation area, two sauna spaces, and men and women separated areas.<\/p><\/p><\/div><\/div><div class=\"services-item\"><div class=\"item-photo\"><div class=\"photo-big\" data-background=\"https:\/\/losmolinoshotel.com\/wp-content\/uploads\/2020\/06\/Spa-gallery-20-min.jpg\"><\/div><\/div><div class=\"item-desc\"><h2>Outdoor areas<\/h2><p><p>As a compliment to our exclusive services, our hotel offers you courtesy gym time on the date of your reservation, and you can also enjoy our public areas at the restaurant. <\/p>\n\nCome and experience it<\/p><\/div><\/div> <\/div>\r\n            <!-- Services List End -->\r\n        <\/div>\r\n    <\/div>\r\n    <!-- Section Services End -->[\/vc_column][\/vc_row][vc_row][vc_column]<!-- Section Video --><div class=\"section  vc_custom_1603429102580\" ><div class=\"widget-video-full\" data-background=\"\"><div class=\"wrapper-full-inner\"><!-- Video Title --><div class=\"widget-title\"><h5><\/h5><h2><\/h2><p><\/p><\/div>\r\n                <!-- Video Title End -->\r\n                <!-- Video Content --><div class=\"widget-inner\"><a href=\"https:\/\/www.youtube.com\/watch?v=mrC9xnRmOXg\" class=\"video-play popup-video\"><i class=\"fa fa-play\"><\/i><\/a><\/div><!-- Video Content End -->\r\n           <\/div>\r\n       <\/div>\r\n    <\/div>\r\n    <!-- Section Video End -->[\/vc_column][\/vc_row]<\/p>\n<\/div>","protected":false},"excerpt":{"rendered":"<p>[vc_row][vc_column][\/vc_column][\/vc_row][vc_row][vc_column][\/vc_column][\/vc_row][vc_row][vc_column][\/vc_column][\/vc_row][vc_row][vc_column][\/vc_column][\/vc_row]<\/p>\n","protected":false},"author":1,"featured_media":1921,"parent":0,"menu_order":0,"comment_status":"closed","ping_status":"closed","template":"fullwidth-page.php","meta":{"_joinchat":[],"footnotes":""},"class_list":["post-2048","page","type-page","status-publish","has-post-thumbnail","hentry"],"yoast_head":"<!-- This site is optimized with the Yoast SEO plugin v27.1.1 - https:\/\/yoast.com\/product\/yoast-seo-wordpress\/ -->\n<title>Hotels with SPA in Boquete - Chiriqu\u00ed - Panam\u00e1<\/title>\n<meta name=\"description\" content=\"Relax at hotels with spa in Boquete, Chiriqu\u00ed. Enjoy wellness, nature, and comfort in the heart of Panama\u2019s mountains\" \/>\n<meta name=\"robots\" content=\"index, follow, max-snippet:-1, max-image-preview:large, max-video-preview:-1\" \/>\n<link rel=\"canonical\" href=\"https:\/\/losmolinoshotel.com\/en\/spa\/\" \/>\n<meta property=\"og:locale\" content=\"en_US\" \/>\n<meta property=\"og:type\" content=\"article\" \/>\n<meta property=\"og:title\" content=\"Hotels with SPA in Boquete - Chiriqu\u00ed - Panam\u00e1\" \/>\n<meta property=\"og:description\" content=\"Relax at hotels with spa in Boquete, Chiriqu\u00ed. Enjoy wellness, nature, and comfort in the heart of Panama\u2019s mountains\" \/>\n<meta property=\"og:url\" content=\"https:\/\/losmolinoshotel.com\/en\/spa\/\" \/>\n<meta property=\"og:site_name\" content=\"Hacienda Los Molinos Boutique Hotel\" \/>\n<meta property=\"article:modified_time\" content=\"2025-09-16T22:21:16+00:00\" \/>\n<meta property=\"og:image\" content=\"https:\/\/losmolinoshotel.com\/wp-content\/uploads\/2020\/06\/Spa-gallery-19-min.jpg\" \/>\n\t<meta property=\"og:image:width\" content=\"600\" \/>\n\t<meta property=\"og:image:height\" content=\"600\" \/>\n\t<meta property=\"og:image:type\" content=\"image\/jpeg\" \/>\n<meta name=\"twitter:card\" content=\"summary_large_image\" \/>\n<meta name=\"twitter:label1\" content=\"Est. reading time\" \/>\n\t<meta name=\"twitter:data1\" content=\"1 minute\" \/>\n<script type=\"application\/ld+json\" class=\"yoast-schema-graph\">{\"@context\":\"https:\/\/schema.org\",\"@graph\":[{\"@type\":\"WebPage\",\"@id\":\"https:\/\/losmolinoshotel.com\/en\/spa\/\",\"url\":\"https:\/\/losmolinoshotel.com\/en\/spa\/\",\"name\":\"Hotels with SPA in Boquete - Chiriqu\u00ed - Panam\u00e1\",\"isPartOf\":{\"@id\":\"https:\/\/losmolinoshotel.com\/#website\"},\"primaryImageOfPage\":{\"@id\":\"https:\/\/losmolinoshotel.com\/en\/spa\/#primaryimage\"},\"image\":{\"@id\":\"https:\/\/losmolinoshotel.com\/en\/spa\/#primaryimage\"},\"thumbnailUrl\":\"https:\/\/losmolinoshotel.com\/wp-content\/uploads\/2020\/06\/Spa-gallery-19-min.jpg\",\"datePublished\":\"2020-06-15T09:39:33+00:00\",\"dateModified\":\"2025-09-16T22:21:16+00:00\",\"description\":\"Relax at hotels with spa in Boquete, Chiriqu\u00ed. Enjoy wellness, nature, and comfort in the heart of Panama\u2019s mountains\",\"breadcrumb\":{\"@id\":\"https:\/\/losmolinoshotel.com\/en\/spa\/#breadcrumb\"},\"inLanguage\":\"en-US\",\"potentialAction\":[{\"@type\":\"ReadAction\",\"target\":[\"https:\/\/losmolinoshotel.com\/en\/spa\/\"]}]},{\"@type\":\"ImageObject\",\"inLanguage\":\"en-US\",\"@id\":\"https:\/\/losmolinoshotel.com\/en\/spa\/#primaryimage\",\"url\":\"https:\/\/losmolinoshotel.com\/wp-content\/uploads\/2020\/06\/Spa-gallery-19-min.jpg\",\"contentUrl\":\"https:\/\/losmolinoshotel.com\/wp-content\/uploads\/2020\/06\/Spa-gallery-19-min.jpg\",\"width\":600,\"height\":600,\"caption\":\"Hoteles con SPA en Boquete, Chiriqu\u00ed - Panam\u00e1 | Hotels with SPA in Boquete - Chiriqu\u00ed - Panam\u00e1\"},{\"@type\":\"BreadcrumbList\",\"@id\":\"https:\/\/losmolinoshotel.com\/en\/spa\/#breadcrumb\",\"itemListElement\":[{\"@type\":\"ListItem\",\"position\":1,\"name\":\"Portada\",\"item\":\"https:\/\/losmolinoshotel.com\/en\/\"},{\"@type\":\"ListItem\",\"position\":2,\"name\":\"Spa\"}]},{\"@type\":\"WebSite\",\"@id\":\"https:\/\/losmolinoshotel.com\/#website\",\"url\":\"https:\/\/losmolinoshotel.com\/\",\"name\":\"Hacienda Los Molinos Boutique Hotel\",\"description\":\"Hotel en Boquete, Panam\u00e1\",\"publisher\":{\"@id\":\"https:\/\/losmolinoshotel.com\/#organization\"},\"potentialAction\":[{\"@type\":\"SearchAction\",\"target\":{\"@type\":\"EntryPoint\",\"urlTemplate\":\"https:\/\/losmolinoshotel.com\/?s={search_term_string}\"},\"query-input\":{\"@type\":\"PropertyValueSpecification\",\"valueRequired\":true,\"valueName\":\"search_term_string\"}}],\"inLanguage\":\"en-US\"},{\"@type\":\"Organization\",\"@id\":\"https:\/\/losmolinoshotel.com\/#organization\",\"name\":\"Hacienda Los Molinos Boutique Hotel\",\"url\":\"https:\/\/losmolinoshotel.com\/\",\"logo\":{\"@type\":\"ImageObject\",\"inLanguage\":\"en-US\",\"@id\":\"https:\/\/losmolinoshotel.com\/#\/schema\/logo\/image\/\",\"url\":\"https:\/\/losmolinoshotel.com\/wp-content\/uploads\/2020\/05\/logo-original.png\",\"contentUrl\":\"https:\/\/losmolinoshotel.com\/wp-content\/uploads\/2020\/05\/logo-original.png\",\"width\":168,\"height\":100,\"caption\":\"Hacienda Los Molinos Boutique Hotel\"},\"image\":{\"@id\":\"https:\/\/losmolinoshotel.com\/#\/schema\/logo\/image\/\"}}]}<\/script>\n<!-- \/ Yoast SEO plugin. -->","yoast_head_json":{"title":"Hotels with SPA in Boquete - Chiriqu\u00ed - Panam\u00e1","description":"Relax at hotels with spa in Boquete, Chiriqu\u00ed. Enjoy wellness, nature, and comfort in the heart of Panama\u2019s mountains","robots":{"index":"index","follow":"follow","max-snippet":"max-snippet:-1","max-image-preview":"max-image-preview:large","max-video-preview":"max-video-preview:-1"},"canonical":"https:\/\/losmolinoshotel.com\/en\/spa\/","og_locale":"en_US","og_type":"article","og_title":"Hotels with SPA in Boquete - Chiriqu\u00ed - Panam\u00e1","og_description":"Relax at hotels with spa in Boquete, Chiriqu\u00ed. Enjoy wellness, nature, and comfort in the heart of Panama\u2019s mountains","og_url":"https:\/\/losmolinoshotel.com\/en\/spa\/","og_site_name":"Hacienda Los Molinos Boutique Hotel","article_modified_time":"2025-09-16T22:21:16+00:00","og_image":[{"width":600,"height":600,"url":"https:\/\/losmolinoshotel.com\/wp-content\/uploads\/2020\/06\/Spa-gallery-19-min.jpg","type":"image\/jpeg"}],"twitter_card":"summary_large_image","twitter_misc":{"Est. reading time":"1 minute"},"schema":{"@context":"https:\/\/schema.org","@graph":[{"@type":"WebPage","@id":"https:\/\/losmolinoshotel.com\/en\/spa\/","url":"https:\/\/losmolinoshotel.com\/en\/spa\/","name":"Hotels with SPA in Boquete - Chiriqu\u00ed - Panam\u00e1","isPartOf":{"@id":"https:\/\/losmolinoshotel.com\/#website"},"primaryImageOfPage":{"@id":"https:\/\/losmolinoshotel.com\/en\/spa\/#primaryimage"},"image":{"@id":"https:\/\/losmolinoshotel.com\/en\/spa\/#primaryimage"},"thumbnailUrl":"https:\/\/losmolinoshotel.com\/wp-content\/uploads\/2020\/06\/Spa-gallery-19-min.jpg","datePublished":"2020-06-15T09:39:33+00:00","dateModified":"2025-09-16T22:21:16+00:00","description":"Relax at hotels with spa in Boquete, Chiriqu\u00ed. Enjoy wellness, nature, and comfort in the heart of Panama\u2019s mountains","breadcrumb":{"@id":"https:\/\/losmolinoshotel.com\/en\/spa\/#breadcrumb"},"inLanguage":"en-US","potentialAction":[{"@type":"ReadAction","target":["https:\/\/losmolinoshotel.com\/en\/spa\/"]}]},{"@type":"ImageObject","inLanguage":"en-US","@id":"https:\/\/losmolinoshotel.com\/en\/spa\/#primaryimage","url":"https:\/\/losmolinoshotel.com\/wp-content\/uploads\/2020\/06\/Spa-gallery-19-min.jpg","contentUrl":"https:\/\/losmolinoshotel.com\/wp-content\/uploads\/2020\/06\/Spa-gallery-19-min.jpg","width":600,"height":600,"caption":"Hoteles con SPA en Boquete, Chiriqu\u00ed - Panam\u00e1 | Hotels with SPA in Boquete - Chiriqu\u00ed - Panam\u00e1"},{"@type":"BreadcrumbList","@id":"https:\/\/losmolinoshotel.com\/en\/spa\/#breadcrumb","itemListElement":[{"@type":"ListItem","position":1,"name":"Portada","item":"https:\/\/losmolinoshotel.com\/en\/"},{"@type":"ListItem","position":2,"name":"Spa"}]},{"@type":"WebSite","@id":"https:\/\/losmolinoshotel.com\/#website","url":"https:\/\/losmolinoshotel.com\/","name":"Hacienda Los Molinos Boutique Hotel","description":"Hotel en Boquete, Panam\u00e1","publisher":{"@id":"https:\/\/losmolinoshotel.com\/#organization"},"potentialAction":[{"@type":"SearchAction","target":{"@type":"EntryPoint","urlTemplate":"https:\/\/losmolinoshotel.com\/?s={search_term_string}"},"query-input":{"@type":"PropertyValueSpecification","valueRequired":true,"valueName":"search_term_string"}}],"inLanguage":"en-US"},{"@type":"Organization","@id":"https:\/\/losmolinoshotel.com\/#organization","name":"Hacienda Los Molinos Boutique Hotel","url":"https:\/\/losmolinoshotel.com\/","logo":{"@type":"ImageObject","inLanguage":"en-US","@id":"https:\/\/losmolinoshotel.com\/#\/schema\/logo\/image\/","url":"https:\/\/losmolinoshotel.com\/wp-content\/uploads\/2020\/05\/logo-original.png","contentUrl":"https:\/\/losmolinoshotel.com\/wp-content\/uploads\/2020\/05\/logo-original.png","width":168,"height":100,"caption":"Hacienda Los Molinos Boutique Hotel"},"image":{"@id":"https:\/\/losmolinoshotel.com\/#\/schema\/logo\/image\/"}}]}},"_links":{"self":[{"href":"https:\/\/losmolinoshotel.com\/en\/wp-json\/wp\/v2\/pages\/2048","targetHints":{"allow":["GET"]}}],"collection":[{"href":"https:\/\/losmolinoshotel.com\/en\/wp-json\/wp\/v2\/pages"}],"about":[{"href":"https:\/\/losmolinoshotel.com\/en\/wp-json\/wp\/v2\/types\/page"}],"author":[{"embeddable":true,"href":"https:\/\/losmolinoshotel.com\/en\/wp-json\/wp\/v2\/users\/1"}],"replies":[{"embeddable":true,"href":"https:\/\/losmolinoshotel.com\/en\/wp-json\/wp\/v2\/comments?post=2048"}],"version-history":[{"count":4,"href":"https:\/\/losmolinoshotel.com\/en\/wp-json\/wp\/v2\/pages\/2048\/revisions"}],"predecessor-version":[{"id":3481,"href":"https:\/\/losmolinoshotel.com\/en\/wp-json\/wp\/v2\/pages\/2048\/revisions\/3481"}],"wp:featuredmedia":[{"embeddable":true,"href":"https:\/\/losmolinoshotel.com\/en\/wp-json\/wp\/v2\/media\/1921"}],"wp:attachment":[{"href":"https:\/\/losmolinoshotel.com\/en\/wp-json\/wp\/v2\/media?parent=2048"}],"curies":[{"name":"wp","href":"https:\/\/api.w.org\/{rel}","templated":true}]}}